{"id":361,"date":"2025-12-04T10:44:18","date_gmt":"2025-12-04T10:44:41","guid":{"rendered":"https:\/\/sedoa.bnu-test.de\/?page_id=361"},"modified":"2026-02-24T16:21:24","modified_gmt":"2026-02-24T16:21:24","slug":"blog","status":"publish","type":"page","link":"https:\/\/diamond-open-access.de\/en\/blog\/","title":{"rendered":"News\/Blog"},"content":{"rendered":"  <div class=\"post-list row g-5 wp-block-sedoa-post-list\">\n    \n      <article class=\"post position-relative col-lg-4 col-md-6 col-12 my-5 my-lg-7 pl-0 post-1514 type-post status-publish format-standard hentry category-news\">\n        <h3 class=\"post-title text-truncate mt-0\">Zentrale Ergebnisse des ersten SeDOA-Ideathons<\/h3>\n\n                  <p class=\"post-text\">Von Sabine de G\u00fcnther und Till Meyer Am 28. November 2025 fand der erste Id\u2026<\/p>\n        \n                  <a class=\"stretched-link\" href=\"https:\/\/diamond-open-access.de\/en\/zentrale-ergebnisse-des-ersten-sedoa-ideathons\/\"\n            aria-label=\"View More Zentrale Ergebnisse des ersten SeDOA-Ideathons\"><\/a>\n                      <div class=\"btn btn-link post-view-more bg-transparent\">\n              View More            <\/div>\n                          <div class=\"post-divider bg-secondary\"><\/div>\n      <\/article>\n\n    \n      <article class=\"post position-relative col-lg-4 col-md-6 col-12 my-5 my-lg-7 pl-0 post-1502 type-post status-publish format-standard hentry category-news\">\n        <h3 class=\"post-title text-truncate mt-0\">\u201cThis Is How We Do It: International Best Practices for Diamond Open Access\u201d gestartet<\/h3>\n\n                  <p class=\"post-text\">Am 05. M\u00e4rz 2026 startete SeDOAs neue Online-Event-Reihe \u201cThis is how we do\u2026<\/p>\n        \n                  <a class=\"stretched-link\" href=\"https:\/\/diamond-open-access.de\/en\/this-is-how-we-do-it-international-best-practices-for-diamond-open-access-gestartet\/\"\n            aria-label=\"View More \u201cThis Is How We Do It: International Best Practices for Diamond Open Access\u201d gestartet\"><\/a>\n                      <div class=\"btn btn-link post-view-more bg-transparent\">\n              View More            <\/div>\n                          <div class=\"post-divider bg-secondary\"><\/div>\n      <\/article>\n\n    \n      <article class=\"post position-relative col-lg-4 col-md-6 col-12 my-5 my-lg-7 pl-0 post-1437 type-post status-publish format-standard hentry category-news tag-aktuelle-entwicklungen tag-newsletter tag-projektergebnisse tag-veranstaltungshinweise\">\n        <h3 class=\"post-title text-truncate mt-0\">SeDOA-Newsletter M\u00e4rz 2026<\/h3>\n\n                  <p class=\"post-text\">Herzlich willkommen zum SeDOA-Newsletter!&nbsp; In diesem Newsletter inform\u2026<\/p>\n        \n                  <a class=\"stretched-link\" href=\"https:\/\/diamond-open-access.de\/en\/sedoa-newsletter-maerz-2026\/\"\n            aria-label=\"View More SeDOA-Newsletter M\u00e4rz 2026\"><\/a>\n                      <div class=\"btn btn-link post-view-more bg-transparent\">\n              View More            <\/div>\n                          <div class=\"post-divider bg-secondary\"><\/div>\n      <\/article>\n\n    \n      <article class=\"post position-relative col-lg-4 col-md-6 col-12 my-5 my-lg-7 pl-0 post-1429 type-post status-publish format-standard hentry category-news tag-fallbeispiel tag-titelrechte tag-veranstaltungsbericht\">\n        <h3 class=\"post-title text-truncate mt-0\">R\u00fcckkauf der Titelrechte oder Neugr\u00fcndung: Wie Zeitschriften ihre Unabh\u00e4ngigkeit zur\u00fcckgewinnen<\/h3>\n\n                  <p class=\"post-text\">Ein R\u00fcckblick auf die SeDOA-Veranstaltung \u201eVom Verlag zur\u00fcck zur Community\u201c\u2026<\/p>\n        \n                  <a class=\"stretched-link\" href=\"https:\/\/diamond-open-access.de\/en\/rueckkauf-der-titelrechte-oder-neugruendung-wie-zeitschriften-ihre-unabhaengigkeit-zurueckgewinnen\/\"\n            aria-label=\"View More R\u00fcckkauf der Titelrechte oder Neugr\u00fcndung: Wie Zeitschriften ihre Unabh\u00e4ngigkeit zur\u00fcckgewinnen\"><\/a>\n                      <div class=\"btn btn-link post-view-more bg-transparent\">\n              View More            <\/div>\n                          <div class=\"post-divider bg-secondary\"><\/div>\n      <\/article>\n\n    \n      <article class=\"post position-relative col-lg-4 col-md-6 col-12 my-5 my-lg-7 pl-0 post-1178 type-post status-publish format-standard hentry category-news\">\n        <h3 class=\"post-title text-truncate mt-0\">Launch der neuen SeDOA-Website<\/h3>\n\n                  <p class=\"post-text\">Wir freuen uns, unsere neue Website mit Ihnen teilen zu k\u00f6nnen! Die Website\u2026<\/p>\n        \n                  <a class=\"stretched-link\" href=\"https:\/\/diamond-open-access.de\/en\/unsere-neue-sedoa-website-ist-online\/\"\n            aria-label=\"View More Launch der neuen SeDOA-Website\"><\/a>\n                      <div class=\"btn btn-link post-view-more bg-transparent\">\n              View More            <\/div>\n                          <div class=\"post-divider bg-secondary\"><\/div>\n      <\/article>\n\n    \n      <article class=\"post position-relative col-lg-4 col-md-6 col-12 my-5 my-lg-7 pl-0 post-206 type-post status-publish format-standard hentry category-news tag-defdoa tag-finanzierung\">\n        <h3 class=\"post-title text-truncate mt-0\">Lorem ipsum dolor sit amet 2<\/h3>\n\n                  <p class=\"post-text\">Lorem ipsum dolor sit amet, consetetur sadipscing elitr, sed diam nonumy ei\u2026<\/p>\n        \n                  <a class=\"stretched-link\" href=\"https:\/\/diamond-open-access.de\/en\/sedoa-task-force-finanzierung-kommentar-zum-konzept-deutschland-fonds-fuer-diamond-open-access-defdoa\/\"\n            aria-label=\"View More Lorem ipsum dolor sit amet 2\"><\/a>\n                      <div class=\"btn btn-link post-view-more bg-transparent\">\n              View More            <\/div>\n                          <div class=\"post-divider bg-secondary\"><\/div>\n      <\/article>\n\n    \n      <article class=\"post position-relative col-lg-4 col-md-6 col-12 my-5 my-lg-7 pl-0 post-204 type-post status-publish format-standard has-post-thumbnail hentry category-news\">\n        <h3 class=\"post-title text-truncate mt-0\">Lorem ipsum dolor sit amet<\/h3>\n\n                  <p class=\"post-text\">Lorem ipsum dolor sit amet, consetetur sadipscing elitr, sed diam nonumy ei\u2026<\/p>\n        \n                  <a class=\"stretched-link\" href=\"https:\/\/diamond-open-access.de\/en\/diamond-open-access-auf-laenderebene\/\"\n            aria-label=\"View More Lorem ipsum dolor sit amet\"><\/a>\n                      <div class=\"btn btn-link post-view-more bg-transparent\">\n              View More            <\/div>\n                          <div class=\"post-divider bg-secondary\"><\/div>\n      <\/article>\n\n      <\/div>\n  ","protected":false},"excerpt":{"rendered":"","protected":false},"author":1,"featured_media":0,"parent":0,"menu_order":5,"comment_status":"closed","ping_status":"closed","template":"","meta":{"_piecal_is_event":false,"_piecal_start_date":"","_piecal_end_date":"","_piecal_is_allday":false,"_site_spacing_linked":true,"_site_spacing_outer_left_px":0,"_site_spacing_outer_right_px":0,"_site_spacing_outer_left_xs_px":0,"_site_spacing_outer_right_xs_px":0,"_site_spacing_outer_left_sm_px":0,"_site_spacing_outer_right_sm_px":0,"_site_spacing_outer_left_md_px":0,"_site_spacing_outer_right_md_px":0,"_site_spacing_outer_left_lg_px":0,"_site_spacing_outer_right_lg_px":0,"_site_spacing_outer_left_xl_px":176,"_site_spacing_outer_right_xl_px":176,"_site_spacing_outer_left_xxl_px":0,"_site_spacing_outer_right_xxl_px":0,"_site_spacing_outer_override_sm":false,"_site_spacing_outer_override_md":false,"_site_spacing_outer_override_lg":false,"_site_spacing_outer_override_xl":false,"_site_spacing_outer_override_xxl":false,"footnotes":""},"class_list":["post-361","page","type-page","status-publish","hentry"],"yoast_head":"<!-- This site is optimized with the Yoast SEO plugin v27.3 - https:\/\/yoast.com\/product\/yoast-seo-wordpress\/ -->\n<title>News\/Blog<\/title>\n<meta name=\"robots\" content=\"index, follow, max-snippet:-1, max-image-preview:large, max-video-preview:-1\" \/>\n<link rel=\"canonical\" href=\"https:\/\/diamond-open-access.de\/en\/blog\/\" \/>\n<meta property=\"og:locale\" content=\"en_US\" \/>\n<meta property=\"og:locale:alternate\" content=\"de_DE\" \/>\n<meta property=\"og:type\" content=\"article\" \/>\n<meta property=\"og:title\" content=\"News\/Blog\" \/>\n<meta property=\"og:url\" content=\"https:\/\/diamond-open-access.de\/en\/blog\/\" \/>\n<meta property=\"og:site_name\" content=\"SeDOA\" \/>\n<meta property=\"article:modified_time\" content=\"2026-02-24T16:21:24+00:00\" \/>\n<meta name=\"twitter:card\" content=\"summary_large_image\" \/>\n<script type=\"application\/ld+json\" class=\"yoast-schema-graph\">{\"@context\":\"https:\\\/\\\/schema.org\",\"@graph\":[{\"@type\":\"WebPage\",\"@id\":\"https:\\\/\\\/diamond-open-access.de\\\/blog\\\/\",\"url\":\"https:\\\/\\\/diamond-open-access.de\\\/blog\\\/\",\"name\":\"News\\\/Blog\",\"isPartOf\":{\"@id\":\"https:\\\/\\\/diamond-open-access.de\\\/#website\"},\"datePublished\":\"2025-12-04T10:44:41+00:00\",\"dateModified\":\"2026-02-24T16:21:24+00:00\",\"breadcrumb\":{\"@id\":\"https:\\\/\\\/diamond-open-access.de\\\/blog\\\/#breadcrumb\"},\"inLanguage\":\"en-US\",\"potentialAction\":[{\"@type\":\"ReadAction\",\"target\":[\"https:\\\/\\\/diamond-open-access.de\\\/blog\\\/\"]}]},{\"@type\":\"BreadcrumbList\",\"@id\":\"https:\\\/\\\/diamond-open-access.de\\\/blog\\\/#breadcrumb\",\"itemListElement\":[{\"@type\":\"ListItem\",\"position\":1,\"name\":\"Start\",\"item\":\"https:\\\/\\\/diamond-open-access.de\\\/\"},{\"@type\":\"ListItem\",\"position\":2,\"name\":\"Blog\"}]},{\"@type\":\"WebSite\",\"@id\":\"https:\\\/\\\/diamond-open-access.de\\\/#website\",\"url\":\"https:\\\/\\\/diamond-open-access.de\\\/\",\"name\":\"SeDOA\",\"description\":\"Servicestelle Diamond Open Access\",\"publisher\":{\"@id\":\"https:\\\/\\\/diamond-open-access.de\\\/#organization\"},\"potentialAction\":[{\"@type\":\"SearchAction\",\"target\":{\"@type\":\"EntryPoint\",\"urlTemplate\":\"https:\\\/\\\/diamond-open-access.de\\\/?s={search_term_string}\"},\"query-input\":{\"@type\":\"PropertyValueSpecification\",\"valueRequired\":true,\"valueName\":\"search_term_string\"}}],\"inLanguage\":\"en-US\"},{\"@type\":\"Organization\",\"@id\":\"https:\\\/\\\/diamond-open-access.de\\\/#organization\",\"name\":\"SeDOA\",\"url\":\"https:\\\/\\\/diamond-open-access.de\\\/\",\"logo\":{\"@type\":\"ImageObject\",\"inLanguage\":\"en-US\",\"@id\":\"https:\\\/\\\/diamond-open-access.de\\\/#\\\/schema\\\/logo\\\/image\\\/\",\"url\":\"https:\\\/\\\/diamond-open-access.de\\\/wp-content\\\/uploads\\\/2025\\\/11\\\/sedoa-logo-blau.svg\",\"contentUrl\":\"https:\\\/\\\/diamond-open-access.de\\\/wp-content\\\/uploads\\\/2025\\\/11\\\/sedoa-logo-blau.svg\",\"caption\":\"SeDOA\"},\"image\":{\"@id\":\"https:\\\/\\\/diamond-open-access.de\\\/#\\\/schema\\\/logo\\\/image\\\/\"}}]}<\/script>\n<!-- \/ Yoast SEO plugin. -->","yoast_head_json":{"title":"News\/Blog","robots":{"index":"index","follow":"follow","max-snippet":"max-snippet:-1","max-image-preview":"max-image-preview:large","max-video-preview":"max-video-preview:-1"},"canonical":"https:\/\/diamond-open-access.de\/en\/blog\/","og_locale":"en_US","og_type":"article","og_title":"[:en]News\/Blog[:de]Blog[:] - SeDOA","og_url":"https:\/\/diamond-open-access.de\/en\/blog\/","og_site_name":"SeDOA","article_modified_time":"2026-02-24T16:21:24+00:00","twitter_card":"summary_large_image","schema":{"@context":"https:\/\/schema.org","@graph":[{"@type":"WebPage","@id":"https:\/\/diamond-open-access.de\/blog\/","url":"https:\/\/diamond-open-access.de\/blog\/","name":"News\/Blog","isPartOf":{"@id":"https:\/\/diamond-open-access.de\/#website"},"datePublished":"2025-12-04T10:44:41+00:00","dateModified":"2026-02-24T16:21:24+00:00","breadcrumb":{"@id":"https:\/\/diamond-open-access.de\/blog\/#breadcrumb"},"inLanguage":"en-US","potentialAction":[{"@type":"ReadAction","target":["https:\/\/diamond-open-access.de\/blog\/"]}]},{"@type":"BreadcrumbList","@id":"https:\/\/diamond-open-access.de\/blog\/#breadcrumb","itemListElement":[{"@type":"ListItem","position":1,"name":"Start","item":"https:\/\/diamond-open-access.de\/"},{"@type":"ListItem","position":2,"name":"Blog"}]},{"@type":"WebSite","@id":"https:\/\/diamond-open-access.de\/#website","url":"https:\/\/diamond-open-access.de\/","name":"SeDOA","description":"Servicestelle Diamond Open Access","publisher":{"@id":"https:\/\/diamond-open-access.de\/#organization"},"potentialAction":[{"@type":"SearchAction","target":{"@type":"EntryPoint","urlTemplate":"https:\/\/diamond-open-access.de\/?s={search_term_string}"},"query-input":{"@type":"PropertyValueSpecification","valueRequired":true,"valueName":"search_term_string"}}],"inLanguage":"en-US"},{"@type":"Organization","@id":"https:\/\/diamond-open-access.de\/#organization","name":"SeDOA","url":"https:\/\/diamond-open-access.de\/","logo":{"@type":"ImageObject","inLanguage":"en-US","@id":"https:\/\/diamond-open-access.de\/#\/schema\/logo\/image\/","url":"https:\/\/diamond-open-access.de\/wp-content\/uploads\/2025\/11\/sedoa-logo-blau.svg","contentUrl":"https:\/\/diamond-open-access.de\/wp-content\/uploads\/2025\/11\/sedoa-logo-blau.svg","caption":"SeDOA"},"image":{"@id":"https:\/\/diamond-open-access.de\/#\/schema\/logo\/image\/"}}]}},"_links":{"self":[{"href":"https:\/\/diamond-open-access.de\/en\/wp-json\/wp\/v2\/pages\/361","targetHints":{"allow":["GET"]}}],"collection":[{"href":"https:\/\/diamond-open-access.de\/en\/wp-json\/wp\/v2\/pages"}],"about":[{"href":"https:\/\/diamond-open-access.de\/en\/wp-json\/wp\/v2\/types\/page"}],"author":[{"embeddable":true,"href":"https:\/\/diamond-open-access.de\/en\/wp-json\/wp\/v2\/users\/1"}],"replies":[{"embeddable":true,"href":"https:\/\/diamond-open-access.de\/en\/wp-json\/wp\/v2\/comments?post=361"}],"version-history":[{"count":8,"href":"https:\/\/diamond-open-access.de\/en\/wp-json\/wp\/v2\/pages\/361\/revisions"}],"predecessor-version":[{"id":1052,"href":"https:\/\/diamond-open-access.de\/en\/wp-json\/wp\/v2\/pages\/361\/revisions\/1052"}],"wp:attachment":[{"href":"https:\/\/diamond-open-access.de\/en\/wp-json\/wp\/v2\/media?parent=361"}],"curies":[{"name":"wp","href":"https:\/\/api.w.org\/{rel}","templated":true}]}}