{"id":1350,"date":"2026-03-11T15:42:43","date_gmt":"2026-03-11T15:42:43","guid":{"rendered":"https:\/\/sedoa.bnu-test.de\/?page_id=1350"},"modified":"2026-04-16T15:28:05","modified_gmt":"2026-04-16T15:28:05","slug":"beiraete","status":"publish","type":"page","link":"https:\/\/diamond-open-access.de\/en\/about\/beiraete\/","title":{"rendered":"Beir\u00e4te"},"content":{"rendered":"\n<p>Die Servicestelle Diamond Open Access (SeDOA) ist einerseits als National Capacity Center (NCC) in Deutschland ein Teil der europ\u00e4ischen Diamond-Open-Access-Infrastruktur, andererseits eng in die deutsche Open-Access-Landschaft eingebunden. W\u00e4hrend das <strong>SeDOA International Advisory Board<\/strong> als international besetzter Beirat die Verbindung zu europ\u00e4ischen Initiativen und Infrastrukturen sicherstellt, vertritt das <strong>SeDOA Stakeholder Advisory Board <\/strong>die Interessen der relevanten Communities of Practice und Stakeholdergruppen in Deutschland. Die beiden Boards beraten das SeDOA Steering Committee in Fragen der Strategie und Konzeption, aber auch bei projektbezogenen operativen Ma\u00dfnahmen:<\/p>\n\n\n\n<ul class=\"wp-block-list\">\n<li>das SeDOA International Advisory Board mit Blick auf die europ\u00e4ische Verankerung des Projektes<\/li>\n\n\n\n<li>das SeDOA Stakeholder Advisory Board in Bezug auf die Bedarfe der Stakeholdergruppen in Deutschland.<\/li>\n<\/ul>\n\n\n\n<p>Die Mitglieder der Beir\u00e4te werden berufen aufgrund ihrer ausgewiesenen Erfahrung und ihres Engagements im Bereich des digitalen Publizierens und Open Access. Sie vertreten fachliche Communitys, zentrale Organisationen oder sind Expert:innen f\u00fcr Services rund um das Thema Open Access.&nbsp;<\/p>\n\n\n\n<h2 class=\"wp-block-heading\">Stakeholder Advisory Board<\/h2>\n\n\n\n<ul class=\"wp-block-list\">\n<li>Prof. Dr. Claudia Frick | TH K\u00f6ln<\/li>\n\n\n\n<li>Dr. Jens-Peter Gaul | Hochschulrektorenkonferenz<\/li>\n\n\n\n<li>Prof. Dr. Gerhard Lauer | Universit\u00e4t Mainz<\/li>\n\n\n\n<li>Dr. Maike Neufend | Open Research Office Berlin<\/li>\n\n\n\n<li>Dr. Anja Oberl\u00e4nder | Universit\u00e4t Konstanz<\/li>\n\n\n\n<li>Prof. Dr. Bernhard Sabel | Universit\u00e4t Magdeburg<\/li>\n\n\n\n<li>Prof. Dr. Christof Sch\u00f6ch | Universit\u00e4t Trier<\/li>\n\n\n\n<li>Nicole Walger | Universit\u00e4t Duisburg-Essen<\/li>\n<\/ul>\n\n\n\n<h2 class=\"wp-block-heading\">International Advisory Board<\/h2>\n\n\n\n<ul class=\"wp-block-list\">\n<li>Prof Martin Paul Eve | Birkbeck, University of London<\/li>\n\n\n\n<li>Fran\u00e7oise Gouzi | DARIAH-EU, Paris<\/li>\n\n\n\n<li>Natalie Marty, MD | Swiss Medical Weekly, Basel<\/li>\n\n\n\n<li>Janne P\u00f6l\u00f6nen | Finnish Learned Societies, Helsinki<\/li>\n\n\n\n<li>Dr. Pilar Rico Castro | FECYT, Madrid<\/li>\n\n\n\n<li>Niels Stern | OAPEN, Den Haag<\/li>\n\n\n\n<li>Dr. Ersz\u00e9bet T\u00f3th-Czifra | CoARA<\/li>\n\n\n\n<li>Agnieszka Wiktor-Sass | PRESSto, AMU University Library in Pozna\u0144<\/li>\n<\/ul>\n","protected":false},"excerpt":{"rendered":"<p>Die Servicestelle Diamond Open Access (SeDOA) ist einerseits als National Capacity Center (NCC) in Deutschland ein Teil der europ\u00e4ischen Diamond-Open-Access-Infrastruktur, andererseits eng in die deutsche Open-Access-Landschaft eingebunden. W\u00e4hrend das SeDOA International Advisory Board als international besetzter Beirat die Verbindung zu europ\u00e4ischen Initiativen und Infrastrukturen sicherstellt, vertritt das SeDOA Stakeholder Advisory Board die Interessen der relevanten [&hellip;]<\/p>\n","protected":false},"author":1,"featured_media":0,"parent":68,"menu_order":0,"comment_status":"closed","ping_status":"closed","template":"","meta":{"_piecal_is_event":false,"_piecal_start_date":"","_piecal_end_date":"","_piecal_is_allday":false,"_site_spacing_linked":true,"_site_spacing_outer_left_px":0,"_site_spacing_outer_right_px":0,"_site_spacing_outer_left_xs_px":0,"_site_spacing_outer_right_xs_px":0,"_site_spacing_outer_left_sm_px":0,"_site_spacing_outer_right_sm_px":0,"_site_spacing_outer_left_md_px":0,"_site_spacing_outer_right_md_px":0,"_site_spacing_outer_left_lg_px":0,"_site_spacing_outer_right_lg_px":0,"_site_spacing_outer_left_xl_px":0,"_site_spacing_outer_right_xl_px":0,"_site_spacing_outer_left_xxl_px":0,"_site_spacing_outer_right_xxl_px":0,"_site_spacing_outer_override_sm":false,"_site_spacing_outer_override_md":false,"_site_spacing_outer_override_lg":false,"_site_spacing_outer_override_xl":false,"_site_spacing_outer_override_xxl":false,"footnotes":""},"class_list":["post-1350","page","type-page","status-publish","hentry"],"yoast_head":"<!-- This site is optimized with the Yoast SEO plugin v27.3 - https:\/\/yoast.com\/product\/yoast-seo-wordpress\/ -->\n<title>Beir\u00e4te<\/title>\n<meta name=\"robots\" content=\"index, follow, max-snippet:-1, max-image-preview:large, max-video-preview:-1\" \/>\n<link rel=\"canonical\" href=\"https:\/\/diamond-open-access.de\/en\/about\/beiraete\/\" \/>\n<meta property=\"og:locale\" content=\"en_US\" \/>\n<meta property=\"og:locale:alternate\" content=\"de_DE\" \/>\n<meta property=\"og:type\" content=\"article\" \/>\n<meta property=\"og:title\" content=\"Beir\u00e4te\" \/>\n<meta property=\"og:description\" content=\"Die Servicestelle Diamond Open Access (SeDOA) ist einerseits als National Capacity Center (NCC) in Deutschland ein Teil der europ\u00e4ischen Diamond-Open-Access-Infrastruktur, andererseits eng in die deutsche Open-Access-Landschaft eingebunden. W\u00e4hrend das SeDOA International Advisory Board als international besetzter Beirat die Verbindung zu europ\u00e4ischen Initiativen und Infrastrukturen sicherstellt, vertritt das SeDOA Stakeholder Advisory Board die Interessen der relevanten [&hellip;]\" \/>\n<meta property=\"og:url\" content=\"https:\/\/diamond-open-access.de\/en\/about\/beiraete\/\" \/>\n<meta property=\"og:site_name\" content=\"SeDOA\" \/>\n<meta property=\"article:modified_time\" content=\"2026-04-16T15:28:05+00:00\" \/>\n<meta name=\"twitter:card\" content=\"summary_large_image\" \/>\n<meta name=\"twitter:label1\" content=\"Est. reading time\" \/>\n\t<meta name=\"twitter:data1\" content=\"2 minutes\" \/>\n<script type=\"application\/ld+json\" class=\"yoast-schema-graph\">{\"@context\":\"https:\\\/\\\/schema.org\",\"@graph\":[{\"@type\":\"WebPage\",\"@id\":\"https:\\\/\\\/diamond-open-access.de\\\/about\\\/beiraete\\\/\",\"url\":\"https:\\\/\\\/diamond-open-access.de\\\/about\\\/beiraete\\\/\",\"name\":\"Beir\u00e4te\",\"isPartOf\":{\"@id\":\"https:\\\/\\\/diamond-open-access.de\\\/#website\"},\"datePublished\":\"2026-03-11T15:42:43+00:00\",\"dateModified\":\"2026-04-16T15:28:05+00:00\",\"breadcrumb\":{\"@id\":\"https:\\\/\\\/diamond-open-access.de\\\/about\\\/beiraete\\\/#breadcrumb\"},\"inLanguage\":\"en-US\",\"potentialAction\":[{\"@type\":\"ReadAction\",\"target\":[\"https:\\\/\\\/diamond-open-access.de\\\/about\\\/beiraete\\\/\"]}]},{\"@type\":\"BreadcrumbList\",\"@id\":\"https:\\\/\\\/diamond-open-access.de\\\/about\\\/beiraete\\\/#breadcrumb\",\"itemListElement\":[{\"@type\":\"ListItem\",\"position\":1,\"name\":\"Start\",\"item\":\"https:\\\/\\\/diamond-open-access.de\\\/\"},{\"@type\":\"ListItem\",\"position\":2,\"name\":\"\u00dcber SeDOA\",\"item\":\"https:\\\/\\\/diamond-open-access.de\\\/about\\\/\"},{\"@type\":\"ListItem\",\"position\":3,\"name\":\"Beir\u00e4te\"}]},{\"@type\":\"WebSite\",\"@id\":\"https:\\\/\\\/diamond-open-access.de\\\/#website\",\"url\":\"https:\\\/\\\/diamond-open-access.de\\\/\",\"name\":\"SeDOA\",\"description\":\"Servicestelle Diamond Open Access\",\"publisher\":{\"@id\":\"https:\\\/\\\/diamond-open-access.de\\\/#organization\"},\"potentialAction\":[{\"@type\":\"SearchAction\",\"target\":{\"@type\":\"EntryPoint\",\"urlTemplate\":\"https:\\\/\\\/diamond-open-access.de\\\/?s={search_term_string}\"},\"query-input\":{\"@type\":\"PropertyValueSpecification\",\"valueRequired\":true,\"valueName\":\"search_term_string\"}}],\"inLanguage\":\"en-US\"},{\"@type\":\"Organization\",\"@id\":\"https:\\\/\\\/diamond-open-access.de\\\/#organization\",\"name\":\"SeDOA\",\"url\":\"https:\\\/\\\/diamond-open-access.de\\\/\",\"logo\":{\"@type\":\"ImageObject\",\"inLanguage\":\"en-US\",\"@id\":\"https:\\\/\\\/diamond-open-access.de\\\/#\\\/schema\\\/logo\\\/image\\\/\",\"url\":\"https:\\\/\\\/diamond-open-access.de\\\/wp-content\\\/uploads\\\/2025\\\/11\\\/sedoa-logo-blau.svg\",\"contentUrl\":\"https:\\\/\\\/diamond-open-access.de\\\/wp-content\\\/uploads\\\/2025\\\/11\\\/sedoa-logo-blau.svg\",\"caption\":\"SeDOA\"},\"image\":{\"@id\":\"https:\\\/\\\/diamond-open-access.de\\\/#\\\/schema\\\/logo\\\/image\\\/\"}}]}<\/script>\n<!-- \/ Yoast SEO plugin. -->","yoast_head_json":{"title":"Beir\u00e4te","robots":{"index":"index","follow":"follow","max-snippet":"max-snippet:-1","max-image-preview":"max-image-preview:large","max-video-preview":"max-video-preview:-1"},"canonical":"https:\/\/diamond-open-access.de\/en\/about\/beiraete\/","og_locale":"en_US","og_type":"article","og_title":"[:de]Beir\u00e4te[:] - SeDOA","og_description":"Die Servicestelle Diamond Open Access (SeDOA) ist einerseits als National Capacity Center (NCC) in Deutschland ein Teil der europ\u00e4ischen Diamond-Open-Access-Infrastruktur, andererseits eng in die deutsche Open-Access-Landschaft eingebunden. W\u00e4hrend das SeDOA International Advisory Board als international besetzter Beirat die Verbindung zu europ\u00e4ischen Initiativen und Infrastrukturen sicherstellt, vertritt das SeDOA Stakeholder Advisory Board die Interessen der relevanten [&hellip;]","og_url":"https:\/\/diamond-open-access.de\/en\/about\/beiraete\/","og_site_name":"SeDOA","article_modified_time":"2026-04-16T15:28:05+00:00","twitter_card":"summary_large_image","twitter_misc":{"Est. reading time":"2 minutes"},"schema":{"@context":"https:\/\/schema.org","@graph":[{"@type":"WebPage","@id":"https:\/\/diamond-open-access.de\/about\/beiraete\/","url":"https:\/\/diamond-open-access.de\/about\/beiraete\/","name":"Beir\u00e4te","isPartOf":{"@id":"https:\/\/diamond-open-access.de\/#website"},"datePublished":"2026-03-11T15:42:43+00:00","dateModified":"2026-04-16T15:28:05+00:00","breadcrumb":{"@id":"https:\/\/diamond-open-access.de\/about\/beiraete\/#breadcrumb"},"inLanguage":"en-US","potentialAction":[{"@type":"ReadAction","target":["https:\/\/diamond-open-access.de\/about\/beiraete\/"]}]},{"@type":"BreadcrumbList","@id":"https:\/\/diamond-open-access.de\/about\/beiraete\/#breadcrumb","itemListElement":[{"@type":"ListItem","position":1,"name":"Start","item":"https:\/\/diamond-open-access.de\/"},{"@type":"ListItem","position":2,"name":"\u00dcber SeDOA","item":"https:\/\/diamond-open-access.de\/about\/"},{"@type":"ListItem","position":3,"name":"Beir\u00e4te"}]},{"@type":"WebSite","@id":"https:\/\/diamond-open-access.de\/#website","url":"https:\/\/diamond-open-access.de\/","name":"SeDOA","description":"Servicestelle Diamond Open Access","publisher":{"@id":"https:\/\/diamond-open-access.de\/#organization"},"potentialAction":[{"@type":"SearchAction","target":{"@type":"EntryPoint","urlTemplate":"https:\/\/diamond-open-access.de\/?s={search_term_string}"},"query-input":{"@type":"PropertyValueSpecification","valueRequired":true,"valueName":"search_term_string"}}],"inLanguage":"en-US"},{"@type":"Organization","@id":"https:\/\/diamond-open-access.de\/#organization","name":"SeDOA","url":"https:\/\/diamond-open-access.de\/","logo":{"@type":"ImageObject","inLanguage":"en-US","@id":"https:\/\/diamond-open-access.de\/#\/schema\/logo\/image\/","url":"https:\/\/diamond-open-access.de\/wp-content\/uploads\/2025\/11\/sedoa-logo-blau.svg","contentUrl":"https:\/\/diamond-open-access.de\/wp-content\/uploads\/2025\/11\/sedoa-logo-blau.svg","caption":"SeDOA"},"image":{"@id":"https:\/\/diamond-open-access.de\/#\/schema\/logo\/image\/"}}]}},"_links":{"self":[{"href":"https:\/\/diamond-open-access.de\/en\/wp-json\/wp\/v2\/pages\/1350","targetHints":{"allow":["GET"]}}],"collection":[{"href":"https:\/\/diamond-open-access.de\/en\/wp-json\/wp\/v2\/pages"}],"about":[{"href":"https:\/\/diamond-open-access.de\/en\/wp-json\/wp\/v2\/types\/page"}],"author":[{"embeddable":true,"href":"https:\/\/diamond-open-access.de\/en\/wp-json\/wp\/v2\/users\/1"}],"replies":[{"embeddable":true,"href":"https:\/\/diamond-open-access.de\/en\/wp-json\/wp\/v2\/comments?post=1350"}],"version-history":[{"count":5,"href":"https:\/\/diamond-open-access.de\/en\/wp-json\/wp\/v2\/pages\/1350\/revisions"}],"predecessor-version":[{"id":1509,"href":"https:\/\/diamond-open-access.de\/en\/wp-json\/wp\/v2\/pages\/1350\/revisions\/1509"}],"up":[{"embeddable":true,"href":"https:\/\/diamond-open-access.de\/en\/wp-json\/wp\/v2\/pages\/68"}],"wp:attachment":[{"href":"https:\/\/diamond-open-access.de\/en\/wp-json\/wp\/v2\/media?parent=1350"}],"curies":[{"name":"wp","href":"https:\/\/api.w.org\/{rel}","templated":true}]}}