{"id":1342,"date":"2026-03-11T15:35:02","date_gmt":"2026-03-11T15:35:02","guid":{"rendered":"https:\/\/sedoa.bnu-test.de\/?page_id=1342"},"modified":"2026-03-20T14:15:23","modified_gmt":"2026-03-20T14:15:23","slug":"projektbeteiligte","status":"publish","type":"page","link":"https:\/\/diamond-open-access.de\/en\/about\/projektbeteiligte\/","title":{"rendered":"Projektbeteiligte"},"content":{"rendered":"\n<h2 class=\"wp-block-heading\">Universit\u00e4tsbibliothek der Freien Universit\u00e4t Berlin<\/h2>\n\n\n\n<ul class=\"wp-block-list\">\n<li>Dr. Michael Kleineberg<\/li>\n\n\n\n<li>Albert Krewinkel<\/li>\n\n\n\n<li>Dr. Dennis Mischke<\/li>\n\n\n\n<li>Dr. Ronald Steffen<\/li>\n\n\n\n<li>Dr. Julian Vuorim\u00e4ki<\/li>\n<\/ul>\n\n\n\n<h2 class=\"wp-block-heading\">Universit\u00e4tsbibliothek der Humboldt-Universit\u00e4t zu Berlin<\/h2>\n\n\n\n<ul class=\"wp-block-list\">\n<li>Dr. Christina Riesenweber<\/li>\n\n\n\n<li>Katharina Schulz<\/li>\n<\/ul>\n\n\n\n<h2 class=\"wp-block-heading\">Universit\u00e4tsbibliothek der Technischen Universit\u00e4t Berlin<\/h2>\n\n\n\n<ul class=\"wp-block-list\">\n<li>Elena Gandert<\/li>\n\n\n\n<li>Dr. Maxi Kindling<\/li>\n\n\n\n<li>Robert Wiese<\/li>\n<\/ul>\n\n\n\n<h2 class=\"wp-block-heading\">Medizinische Bibliothek, Charit\u00e9 \u2013 Universit\u00e4tsmedizin Berlin<\/h2>\n\n\n\n<ul class=\"wp-block-list\">\n<li>Josefine Br\u00fcning<\/li>\n\n\n\n<li>Bet\u00fcl Elif Kaynar<\/li>\n\n\n\n<li>Dr. Till Meyer<\/li>\n\n\n\n<li>Dr. Marcel Wrzesinski<\/li>\n<\/ul>\n\n\n\n<h2 class=\"wp-block-heading\">Universit\u00e4tsbibliothek Bielefeld<\/h2>\n\n\n\n<ul class=\"wp-block-list\">\n<li>Dirk Pieper<\/li>\n\n\n\n<li>Dr. Nina Sch\u00f6nfelder<\/li>\n\n\n\n<li>Jan-Philip Tummes<\/li>\n<\/ul>\n\n\n\n<h2 class=\"wp-block-heading\">Max Weber Stiftung Bonn<\/h2>\n\n\n\n<ul class=\"wp-block-list\">\n<li>Dr. Michael Kaiser<\/li>\n\n\n\n<li>Dr. Nanette Ri\u00dfler-Pipka<\/li>\n\n\n\n<li>Dr. Renate Voget <\/li>\n\n\n\n<li>Dr. Stefanie Westphal<\/li>\n\n\n\n<li>Martin Wiegand<\/li>\n<\/ul>\n\n\n\n<h2 class=\"wp-block-heading\">Universit\u00e4tsbibliothek Braunschweig<\/h2>\n\n\n\n<ul class=\"wp-block-list\">\n<li>Carsten Elsner<\/li>\n\n\n\n<li>Kevin Kr\u00fcger<\/li>\n\n\n\n<li>Robert Str\u00f6tgen<\/li>\n\n\n\n<li>Dr. Katja Wermbter<\/li>\n<\/ul>\n\n\n\n<h2 class=\"wp-block-heading\">Universit\u00e4ts- und Landesbibliothek Darmstadt<\/h2>\n\n\n\n<ul class=\"wp-block-list\">\n<li>Stephan Cradock<\/li>\n\n\n\n<li>Anne Christine G\u00fcnther<\/li>\n\n\n\n<li>Matthias Kerekes<\/li>\n\n\n\n<li>Prof. Dr. Thomas St\u00e4cker<\/li>\n\n\n\n<li>Simon Streib<\/li>\n<\/ul>\n\n\n\n<h2 class=\"wp-block-heading\">Staats- und Universit\u00e4tsbibliothek Hamburg<\/h2>\n\n\n\n<ul class=\"wp-block-list\">\n<li>Kristin Ameis<\/li>\n\n\n\n<li>Dr. Oliver Kr\u00fcger<\/li>\n\n\n\n<li>Isabella Meinecke<\/li>\n\n\n\n<li>Jens Wonke-Stehle<\/li>\n<\/ul>\n\n\n\n<h2 class=\"wp-block-heading\">Universit\u00e4tsbibliothek Heidelberg<\/h2>\n\n\n\n<ul class=\"wp-block-list\">\n<li>Dr. Jochen Apel<\/li>\n\n\n\n<li>Dr. Maria Effinger<\/li>\n\n\n\n<li>Viktoria Guscinas<\/li>\n<\/ul>\n\n\n\n<h2 class=\"wp-block-heading\">FIZ Karlsruhe \u2013 Leibniz-Institut f\u00fcr Informationsinfrastruktur<\/h2>\n\n\n\n<ul class=\"wp-block-list\">\n<li>Dr. Daniel Mietchen<\/li>\n\n\n\n<li>Dr. Moritz Schubotz<\/li>\n\n\n\n<li>Dr. Olaf Teschke<\/li>\n<\/ul>\n\n\n\n<h2 class=\"wp-block-heading\">ZBW \u2013 Leibniz-Informationszentrum Wirtschaft<\/h2>\n\n\n\n<ul class=\"wp-block-list\">\n<li>Dr. Juliane Finger<\/li>\n\n\n\n<li>Olaf Siegert<\/li>\n\n\n\n<li>Bente Steinecke<\/li>\n\n\n\n<li>Helene Strau\u00df<\/li>\n\n\n\n<li>Frederike von Rohden<\/li>\n<\/ul>\n\n\n\n<h2 class=\"wp-block-heading\">ZB MED \u2013 Informationszentrum Lebenswissenschaften K\u00f6ln<\/h2>\n\n\n\n<ul class=\"wp-block-list\">\n<li>Belinda Albrecht<\/li>\n\n\n\n<li>Prof. Dr. Ursula Arning<\/li>\n\n\n\n<li>Isabella Greiner<\/li>\n\n\n\n<li>Kyra Hennschen<\/li>\n\n\n\n<li>Jennifer Ram\u00edrez<\/li>\n\n\n\n<li>Dr. Jasmin Schmitz<\/li>\n<\/ul>\n\n\n\n<h2 class=\"wp-block-heading\">Fachhochschule Potsdam<\/h2>\n\n\n\n<ul class=\"wp-block-list\">\n<li>Christine Burkart<\/li>\n\n\n\n<li>Dr. Sabine de G\u00fcnther<\/li>\n\n\n\n<li>Prof. Dr. Ulrike Wuttke<\/li>\n<\/ul>\n\n\n\n<h2 class=\"wp-block-heading\">Herzog August Bibliothek Wolfenb\u00fcttel<\/h2>\n\n\n\n<ul class=\"wp-block-list\">\n<li>Marcus Baumgarten<\/li>\n\n\n\n<li>Caroline Jansky<\/li>\n\n\n\n<li>Karoline Lemke<\/li>\n\n\n\n<li>Dr. Stefanie Westphal<\/li>\n<\/ul>\n","protected":false},"excerpt":{"rendered":"<p>Universit\u00e4tsbibliothek der Freien Universit\u00e4t Berlin Universit\u00e4tsbibliothek der Humboldt-Universit\u00e4t zu Berlin Universit\u00e4tsbibliothek der Technischen Universit\u00e4t Berlin Medizinische Bibliothek, Charit\u00e9 \u2013 Universit\u00e4tsmedizin Berlin Universit\u00e4tsbibliothek Bielefeld Max Weber Stiftung Bonn Universit\u00e4tsbibliothek Braunschweig Universit\u00e4ts- und Landesbibliothek Darmstadt Staats- und Universit\u00e4tsbibliothek Hamburg Universit\u00e4tsbibliothek Heidelberg FIZ Karlsruhe \u2013 Leibniz-Institut f\u00fcr Informationsinfrastruktur ZBW \u2013 Leibniz-Informationszentrum Wirtschaft ZB MED \u2013 Informationszentrum Lebenswissenschaften K\u00f6ln [&hellip;]<\/p>\n","protected":false},"author":1,"featured_media":0,"parent":68,"menu_order":0,"comment_status":"closed","ping_status":"closed","template":"","meta":{"_piecal_is_event":false,"_piecal_start_date":"","_piecal_end_date":"","_piecal_is_allday":false,"_site_spacing_linked":true,"_site_spacing_outer_left_px":0,"_site_spacing_outer_right_px":0,"_site_spacing_outer_left_xs_px":0,"_site_spacing_outer_right_xs_px":0,"_site_spacing_outer_left_sm_px":0,"_site_spacing_outer_right_sm_px":0,"_site_spacing_outer_left_md_px":0,"_site_spacing_outer_right_md_px":0,"_site_spacing_outer_left_lg_px":0,"_site_spacing_outer_right_lg_px":0,"_site_spacing_outer_left_xl_px":0,"_site_spacing_outer_right_xl_px":0,"_site_spacing_outer_left_xxl_px":0,"_site_spacing_outer_right_xxl_px":0,"_site_spacing_outer_override_sm":false,"_site_spacing_outer_override_md":false,"_site_spacing_outer_override_lg":false,"_site_spacing_outer_override_xl":false,"_site_spacing_outer_override_xxl":false,"footnotes":""},"class_list":["post-1342","page","type-page","status-publish","hentry"],"yoast_head":"<!-- This site is optimized with the Yoast SEO plugin v27.3 - https:\/\/yoast.com\/product\/yoast-seo-wordpress\/ -->\n<title>Projektbeteiligte<\/title>\n<meta name=\"robots\" content=\"index, follow, max-snippet:-1, max-image-preview:large, max-video-preview:-1\" \/>\n<link rel=\"canonical\" href=\"https:\/\/diamond-open-access.de\/en\/about\/projektbeteiligte\/\" \/>\n<meta property=\"og:locale\" content=\"en_US\" \/>\n<meta property=\"og:locale:alternate\" content=\"de_DE\" \/>\n<meta property=\"og:type\" content=\"article\" \/>\n<meta property=\"og:title\" content=\"Projektbeteiligte\" \/>\n<meta property=\"og:description\" content=\"Universit\u00e4tsbibliothek der Freien Universit\u00e4t Berlin Universit\u00e4tsbibliothek der Humboldt-Universit\u00e4t zu Berlin Universit\u00e4tsbibliothek der Technischen Universit\u00e4t Berlin Medizinische Bibliothek, Charit\u00e9 \u2013 Universit\u00e4tsmedizin Berlin Universit\u00e4tsbibliothek Bielefeld Max Weber Stiftung Bonn Universit\u00e4tsbibliothek Braunschweig Universit\u00e4ts- und Landesbibliothek Darmstadt Staats- und Universit\u00e4tsbibliothek Hamburg Universit\u00e4tsbibliothek Heidelberg FIZ Karlsruhe \u2013 Leibniz-Institut f\u00fcr Informationsinfrastruktur ZBW \u2013 Leibniz-Informationszentrum Wirtschaft ZB MED \u2013 Informationszentrum Lebenswissenschaften K\u00f6ln [&hellip;]\" \/>\n<meta property=\"og:url\" content=\"https:\/\/diamond-open-access.de\/en\/about\/projektbeteiligte\/\" \/>\n<meta property=\"og:site_name\" content=\"SeDOA\" \/>\n<meta property=\"article:modified_time\" content=\"2026-03-20T14:15:23+00:00\" \/>\n<meta name=\"twitter:card\" content=\"summary_large_image\" \/>\n<meta name=\"twitter:label1\" content=\"Est. reading time\" \/>\n\t<meta name=\"twitter:data1\" content=\"1 minute\" \/>\n<script type=\"application\/ld+json\" class=\"yoast-schema-graph\">{\"@context\":\"https:\\\/\\\/schema.org\",\"@graph\":[{\"@type\":\"WebPage\",\"@id\":\"https:\\\/\\\/diamond-open-access.de\\\/about\\\/projektbeteiligte\\\/\",\"url\":\"https:\\\/\\\/diamond-open-access.de\\\/about\\\/projektbeteiligte\\\/\",\"name\":\"Projektbeteiligte\",\"isPartOf\":{\"@id\":\"https:\\\/\\\/diamond-open-access.de\\\/#website\"},\"datePublished\":\"2026-03-11T15:35:02+00:00\",\"dateModified\":\"2026-03-20T14:15:23+00:00\",\"breadcrumb\":{\"@id\":\"https:\\\/\\\/diamond-open-access.de\\\/about\\\/projektbeteiligte\\\/#breadcrumb\"},\"inLanguage\":\"en-US\",\"potentialAction\":[{\"@type\":\"ReadAction\",\"target\":[\"https:\\\/\\\/diamond-open-access.de\\\/about\\\/projektbeteiligte\\\/\"]}]},{\"@type\":\"BreadcrumbList\",\"@id\":\"https:\\\/\\\/diamond-open-access.de\\\/about\\\/projektbeteiligte\\\/#breadcrumb\",\"itemListElement\":[{\"@type\":\"ListItem\",\"position\":1,\"name\":\"Start\",\"item\":\"https:\\\/\\\/diamond-open-access.de\\\/\"},{\"@type\":\"ListItem\",\"position\":2,\"name\":\"\u00dcber SeDOA\",\"item\":\"https:\\\/\\\/diamond-open-access.de\\\/about\\\/\"},{\"@type\":\"ListItem\",\"position\":3,\"name\":\"Projektbeteiligte\"}]},{\"@type\":\"WebSite\",\"@id\":\"https:\\\/\\\/diamond-open-access.de\\\/#website\",\"url\":\"https:\\\/\\\/diamond-open-access.de\\\/\",\"name\":\"SeDOA\",\"description\":\"Servicestelle Diamond Open Access\",\"publisher\":{\"@id\":\"https:\\\/\\\/diamond-open-access.de\\\/#organization\"},\"potentialAction\":[{\"@type\":\"SearchAction\",\"target\":{\"@type\":\"EntryPoint\",\"urlTemplate\":\"https:\\\/\\\/diamond-open-access.de\\\/?s={search_term_string}\"},\"query-input\":{\"@type\":\"PropertyValueSpecification\",\"valueRequired\":true,\"valueName\":\"search_term_string\"}}],\"inLanguage\":\"en-US\"},{\"@type\":\"Organization\",\"@id\":\"https:\\\/\\\/diamond-open-access.de\\\/#organization\",\"name\":\"SeDOA\",\"url\":\"https:\\\/\\\/diamond-open-access.de\\\/\",\"logo\":{\"@type\":\"ImageObject\",\"inLanguage\":\"en-US\",\"@id\":\"https:\\\/\\\/diamond-open-access.de\\\/#\\\/schema\\\/logo\\\/image\\\/\",\"url\":\"https:\\\/\\\/diamond-open-access.de\\\/wp-content\\\/uploads\\\/2025\\\/11\\\/sedoa-logo-blau.svg\",\"contentUrl\":\"https:\\\/\\\/diamond-open-access.de\\\/wp-content\\\/uploads\\\/2025\\\/11\\\/sedoa-logo-blau.svg\",\"caption\":\"SeDOA\"},\"image\":{\"@id\":\"https:\\\/\\\/diamond-open-access.de\\\/#\\\/schema\\\/logo\\\/image\\\/\"}}]}<\/script>\n<!-- \/ Yoast SEO plugin. -->","yoast_head_json":{"title":"Projektbeteiligte","robots":{"index":"index","follow":"follow","max-snippet":"max-snippet:-1","max-image-preview":"max-image-preview:large","max-video-preview":"max-video-preview:-1"},"canonical":"https:\/\/diamond-open-access.de\/en\/about\/projektbeteiligte\/","og_locale":"en_US","og_type":"article","og_title":"[:de]Projektbeteiligte[:] - SeDOA","og_description":"Universit\u00e4tsbibliothek der Freien Universit\u00e4t Berlin Universit\u00e4tsbibliothek der Humboldt-Universit\u00e4t zu Berlin Universit\u00e4tsbibliothek der Technischen Universit\u00e4t Berlin Medizinische Bibliothek, Charit\u00e9 \u2013 Universit\u00e4tsmedizin Berlin Universit\u00e4tsbibliothek Bielefeld Max Weber Stiftung Bonn Universit\u00e4tsbibliothek Braunschweig Universit\u00e4ts- und Landesbibliothek Darmstadt Staats- und Universit\u00e4tsbibliothek Hamburg Universit\u00e4tsbibliothek Heidelberg FIZ Karlsruhe \u2013 Leibniz-Institut f\u00fcr Informationsinfrastruktur ZBW \u2013 Leibniz-Informationszentrum Wirtschaft ZB MED \u2013 Informationszentrum Lebenswissenschaften K\u00f6ln [&hellip;]","og_url":"https:\/\/diamond-open-access.de\/en\/about\/projektbeteiligte\/","og_site_name":"SeDOA","article_modified_time":"2026-03-20T14:15:23+00:00","twitter_card":"summary_large_image","twitter_misc":{"Est. reading time":"1 minute"},"schema":{"@context":"https:\/\/schema.org","@graph":[{"@type":"WebPage","@id":"https:\/\/diamond-open-access.de\/about\/projektbeteiligte\/","url":"https:\/\/diamond-open-access.de\/about\/projektbeteiligte\/","name":"Projektbeteiligte","isPartOf":{"@id":"https:\/\/diamond-open-access.de\/#website"},"datePublished":"2026-03-11T15:35:02+00:00","dateModified":"2026-03-20T14:15:23+00:00","breadcrumb":{"@id":"https:\/\/diamond-open-access.de\/about\/projektbeteiligte\/#breadcrumb"},"inLanguage":"en-US","potentialAction":[{"@type":"ReadAction","target":["https:\/\/diamond-open-access.de\/about\/projektbeteiligte\/"]}]},{"@type":"BreadcrumbList","@id":"https:\/\/diamond-open-access.de\/about\/projektbeteiligte\/#breadcrumb","itemListElement":[{"@type":"ListItem","position":1,"name":"Start","item":"https:\/\/diamond-open-access.de\/"},{"@type":"ListItem","position":2,"name":"\u00dcber SeDOA","item":"https:\/\/diamond-open-access.de\/about\/"},{"@type":"ListItem","position":3,"name":"Projektbeteiligte"}]},{"@type":"WebSite","@id":"https:\/\/diamond-open-access.de\/#website","url":"https:\/\/diamond-open-access.de\/","name":"SeDOA","description":"Servicestelle Diamond Open Access","publisher":{"@id":"https:\/\/diamond-open-access.de\/#organization"},"potentialAction":[{"@type":"SearchAction","target":{"@type":"EntryPoint","urlTemplate":"https:\/\/diamond-open-access.de\/?s={search_term_string}"},"query-input":{"@type":"PropertyValueSpecification","valueRequired":true,"valueName":"search_term_string"}}],"inLanguage":"en-US"},{"@type":"Organization","@id":"https:\/\/diamond-open-access.de\/#organization","name":"SeDOA","url":"https:\/\/diamond-open-access.de\/","logo":{"@type":"ImageObject","inLanguage":"en-US","@id":"https:\/\/diamond-open-access.de\/#\/schema\/logo\/image\/","url":"https:\/\/diamond-open-access.de\/wp-content\/uploads\/2025\/11\/sedoa-logo-blau.svg","contentUrl":"https:\/\/diamond-open-access.de\/wp-content\/uploads\/2025\/11\/sedoa-logo-blau.svg","caption":"SeDOA"},"image":{"@id":"https:\/\/diamond-open-access.de\/#\/schema\/logo\/image\/"}}]}},"_links":{"self":[{"href":"https:\/\/diamond-open-access.de\/en\/wp-json\/wp\/v2\/pages\/1342","targetHints":{"allow":["GET"]}}],"collection":[{"href":"https:\/\/diamond-open-access.de\/en\/wp-json\/wp\/v2\/pages"}],"about":[{"href":"https:\/\/diamond-open-access.de\/en\/wp-json\/wp\/v2\/types\/page"}],"author":[{"embeddable":true,"href":"https:\/\/diamond-open-access.de\/en\/wp-json\/wp\/v2\/users\/1"}],"replies":[{"embeddable":true,"href":"https:\/\/diamond-open-access.de\/en\/wp-json\/wp\/v2\/comments?post=1342"}],"version-history":[{"count":14,"href":"https:\/\/diamond-open-access.de\/en\/wp-json\/wp\/v2\/pages\/1342\/revisions"}],"predecessor-version":[{"id":1422,"href":"https:\/\/diamond-open-access.de\/en\/wp-json\/wp\/v2\/pages\/1342\/revisions\/1422"}],"up":[{"embeddable":true,"href":"https:\/\/diamond-open-access.de\/en\/wp-json\/wp\/v2\/pages\/68"}],"wp:attachment":[{"href":"https:\/\/diamond-open-access.de\/en\/wp-json\/wp\/v2\/media?parent=1342"}],"curies":[{"name":"wp","href":"https:\/\/api.w.org\/{rel}","templated":true}]}}