{"id":1285,"date":"2026-03-04T15:17:45","date_gmt":"2026-03-04T15:17:45","guid":{"rendered":"https:\/\/sedoa.bnu-test.de\/?page_id=1285"},"modified":"2026-04-30T11:06:01","modified_gmt":"2026-04-30T11:06:01","slug":"ojs-netzwerk","status":"publish","type":"page","link":"https:\/\/diamond-open-access.de\/en\/services\/community-support\/ojs-netzwerk\/","title":{"rendered":"OJS-Netzwerk"},"content":{"rendered":"\n<p>Mit dem OJS-Netzwerk bringt SeDOA die Community um die vom <a href=\"https:\/\/pkp.sfu.ca\/\" target=\"_blank\" rel=\"noreferrer noopener\">Public Knowledge Project<\/a> (PKP) entwickelte freie und Open-Source-Publikationssoftware <a href=\"https:\/\/pkp.sfu.ca\/software\/ojs\/\" target=\"_blank\" rel=\"noreferrer noopener\">Open Journal Systems<\/a> (OJS) zusammen. Das OJS-Netzwerk schafft neue Austauschm\u00f6glichkeiten, vernetzt vorhandene Aktivit\u00e4ten und erh\u00f6ht deren Sichtbarkeit. Ziel ist es, Synergien zu schaffen und die Nutzung von OJS gemeinschaftlich voranzubringen.<\/p>\n\n\n\n<p>Das OJS-Netzwerk unterst\u00fctzt bestehende institutionelle, nicht-kommerzielle Dienste und Initiativen sowie Wissenschaftler*innen und Forschende dabei, in den Austausch zu gehen und sich gegenseitig zu st\u00e4rken und zu f\u00f6rdern. Mit seinem Fokus auf OJS richtet sich das OJS-Netzwerk an die Handelnden des institutionellen Publizierens (Community of Practice), die OJS in ihrer Arbeit nutzen oder aktiv an seiner Weiterentwicklung beteiligt sind. Das OJS-Netzwerk ist Teil des <a href=\"https:\/\/diamond-open-access.de\/services\/community-support\/\" data-type=\"page\" data-id=\"192\">Community Support<\/a> von SeDOA.<\/p>\n\n\n\n<p>Die Aktivit\u00e4ten des OJS-Netzwerks verfolgen das Ziel, <a href=\"https:\/\/diamond-open-access.de\/sedoa\/was-ist-eine-diamond-open-access-publikation\/\" data-type=\"page\" data-id=\"117\">Diamond Open Access<\/a> in der OJS-Community zu st\u00e4rken sowie zur Vermittlung und Verbreitung des Diamond-Open-Access-Publizierens mit OJS beizutragen. SeDOA unterst\u00fctzt bestehende Netzwerke, Akteure und Einzelinitiativen dabei, Diamond Open Access in den Angeboten und Strukturen ihrer Publikationsangebote umzusetzen. Die daraus entstehenden Synergien tragen damit zur nachhaltigen Qualit\u00e4tssteigerung der OJS-basierten Services bei.<\/p>\n\n\n\n<h2 class=\"wp-block-heading\">Angebote des OJS-Netzwerks<\/h2>\n\n\n\n<h3 class=\"wp-block-heading\">Vernetzung<\/h3>\n\n\n\n<p>Bestehende Netzwerke und Initiativen werden enger miteinander verzahnt. Das OJS-Netzwerk erleichtert es Teilnehmenden wie auch Interessierten, sich \u00fcber Aktivit\u00e4ten, Entwicklungen und Neuigkeiten im Bereich OJS zu informieren.<\/p>\n\n\n\n<h3 class=\"wp-block-heading\">Austausch<\/h3>\n\n\n\n<p>Das OJS-Netzwerk f\u00f6rdert den kontinuierlichen Austausch innerhalb der OJS-Community. Die Netzwerkbeteiligten st\u00e4rken sich gegenseitig und leisten wechselseitige Unterst\u00fctzung bei der Weiterentwicklung ihrer Angebote.<\/p>\n\n\n\n<h3 class=\"wp-block-heading\">Sichtbarkeit<\/h3>\n\n\n\n<p>Vorhandene Publikationsstrukturen, Services und Aktivit\u00e4ten werden \u00f6ffentlich besser sichtbar gemacht.<\/p>\n\n\n\n<h3 class=\"wp-block-heading\">St\u00e4rkung von Diamond Open Access<\/h3>\n\n\n\n<p>Das OJS-Netzwerk unterst\u00fctzt das Diamond-Open-Access-Publizieren in OJS. Dabei spielen der Erfahrungsaustausch der Community in der Umsetzung von Diamond-Open-Access-Standards eine besondere Rolle.<\/p>\n\n\n\n<p><\/p>\n\n\n\n<p>Workshops, Online-Veranstaltungen und weitere Formate unterst\u00fctzen die gemeinsame Arbeit und st\u00e4rken Diamond Open Access in der OJS-Community.<\/p>\n\n\n\n<p>Das OJS-Netzwerk ist ein Netzwerk <em>von der Community f\u00fcr die Community<\/em>. <\/p>\n\n\n\n<p>>> Die virtuelle Auftaktveranstaltung des OJS-Netzwerks fand am 23.04.2026 statt. Die Pr\u00e4sentationsfolien sind auf Zenodo bereitgestellt.<br>Ameis, K., &#038; Kr\u00fcger, O. (2026, April 23). Online-Veranstaltung: OJS-Netzwerk \u2013 Informationen und Austausch. Zenodo. <a href=\"https:\/\/doi.org\/10.5281\/zenodo.19728760\" target=\"_blank\" rel=\"noreferrer noopener\">https:\/\/doi.org\/10.5281\/zenodo.19728760<\/a><\/p>\n","protected":false},"excerpt":{"rendered":"<p>Mit dem OJS-Netzwerk bringt SeDOA die Community um die vom Public Knowledge Project (PKP) entwickelte freie und Open-Source-Publikationssoftware Open Journal Systems (OJS) zusammen. Das OJS-Netzwerk schafft neue Austauschm\u00f6glichkeiten, vernetzt vorhandene Aktivit\u00e4ten und erh\u00f6ht deren Sichtbarkeit. Ziel ist es, Synergien zu schaffen und die Nutzung von OJS gemeinschaftlich voranzubringen. Das OJS-Netzwerk unterst\u00fctzt bestehende institutionelle, nicht-kommerzielle Dienste [&hellip;]<\/p>\n","protected":false},"author":3,"featured_media":0,"parent":192,"menu_order":0,"comment_status":"closed","ping_status":"closed","template":"","meta":{"_piecal_is_event":false,"_piecal_start_date":"","_piecal_end_date":"","_piecal_is_allday":false,"_site_spacing_linked":true,"_site_spacing_outer_left_px":0,"_site_spacing_outer_right_px":0,"_site_spacing_outer_left_xs_px":0,"_site_spacing_outer_right_xs_px":0,"_site_spacing_outer_left_sm_px":0,"_site_spacing_outer_right_sm_px":0,"_site_spacing_outer_left_md_px":0,"_site_spacing_outer_right_md_px":0,"_site_spacing_outer_left_lg_px":0,"_site_spacing_outer_right_lg_px":0,"_site_spacing_outer_left_xl_px":0,"_site_spacing_outer_right_xl_px":0,"_site_spacing_outer_left_xxl_px":0,"_site_spacing_outer_right_xxl_px":0,"_site_spacing_outer_override_sm":false,"_site_spacing_outer_override_md":false,"_site_spacing_outer_override_lg":false,"_site_spacing_outer_override_xl":false,"_site_spacing_outer_override_xxl":false,"footnotes":""},"class_list":["post-1285","page","type-page","status-publish","hentry"],"yoast_head":"<!-- This site is optimized with the Yoast SEO plugin v27.3 - https:\/\/yoast.com\/product\/yoast-seo-wordpress\/ -->\n<title>OJS-Netzwerk<\/title>\n<meta name=\"robots\" content=\"index, follow, max-snippet:-1, max-image-preview:large, max-video-preview:-1\" \/>\n<link rel=\"canonical\" href=\"https:\/\/diamond-open-access.de\/en\/services\/community-support\/ojs-netzwerk\/\" \/>\n<meta property=\"og:locale\" content=\"en_US\" \/>\n<meta property=\"og:locale:alternate\" content=\"de_DE\" \/>\n<meta property=\"og:type\" content=\"article\" \/>\n<meta property=\"og:title\" content=\"OJS-Netzwerk\" \/>\n<meta property=\"og:description\" content=\"Mit dem OJS-Netzwerk bringt SeDOA die Community um die vom Public Knowledge Project (PKP) entwickelte freie und Open-Source-Publikationssoftware Open Journal Systems (OJS) zusammen. Das OJS-Netzwerk schafft neue Austauschm\u00f6glichkeiten, vernetzt vorhandene Aktivit\u00e4ten und erh\u00f6ht deren Sichtbarkeit. Ziel ist es, Synergien zu schaffen und die Nutzung von OJS gemeinschaftlich voranzubringen. Das OJS-Netzwerk unterst\u00fctzt bestehende institutionelle, nicht-kommerzielle Dienste [&hellip;]\" \/>\n<meta property=\"og:url\" content=\"https:\/\/diamond-open-access.de\/en\/services\/community-support\/ojs-netzwerk\/\" \/>\n<meta property=\"og:site_name\" content=\"SeDOA\" \/>\n<meta property=\"article:modified_time\" content=\"2026-04-30T11:06:01+00:00\" \/>\n<meta name=\"twitter:card\" content=\"summary_large_image\" \/>\n<meta name=\"twitter:label1\" content=\"Est. reading time\" \/>\n\t<meta name=\"twitter:data1\" content=\"2 minutes\" \/>\n<script type=\"application\/ld+json\" class=\"yoast-schema-graph\">{\"@context\":\"https:\\\/\\\/schema.org\",\"@graph\":[{\"@type\":\"WebPage\",\"@id\":\"https:\\\/\\\/diamond-open-access.de\\\/services\\\/community-support\\\/ojs-netzwerk\\\/\",\"url\":\"https:\\\/\\\/diamond-open-access.de\\\/services\\\/community-support\\\/ojs-netzwerk\\\/\",\"name\":\"OJS-Netzwerk\",\"isPartOf\":{\"@id\":\"https:\\\/\\\/diamond-open-access.de\\\/#website\"},\"datePublished\":\"2026-03-04T15:17:45+00:00\",\"dateModified\":\"2026-04-30T11:06:01+00:00\",\"breadcrumb\":{\"@id\":\"https:\\\/\\\/diamond-open-access.de\\\/services\\\/community-support\\\/ojs-netzwerk\\\/#breadcrumb\"},\"inLanguage\":\"en-US\",\"potentialAction\":[{\"@type\":\"ReadAction\",\"target\":[\"https:\\\/\\\/diamond-open-access.de\\\/services\\\/community-support\\\/ojs-netzwerk\\\/\"]}]},{\"@type\":\"BreadcrumbList\",\"@id\":\"https:\\\/\\\/diamond-open-access.de\\\/services\\\/community-support\\\/ojs-netzwerk\\\/#breadcrumb\",\"itemListElement\":[{\"@type\":\"ListItem\",\"position\":1,\"name\":\"Start\",\"item\":\"https:\\\/\\\/diamond-open-access.de\\\/\"},{\"@type\":\"ListItem\",\"position\":2,\"name\":\"Services\",\"item\":\"https:\\\/\\\/diamond-open-access.de\\\/services\\\/\"},{\"@type\":\"ListItem\",\"position\":3,\"name\":\"Community Support\",\"item\":\"https:\\\/\\\/diamond-open-access.de\\\/services\\\/community-support\\\/\"},{\"@type\":\"ListItem\",\"position\":4,\"name\":\"OJS-Netzwerk\"}]},{\"@type\":\"WebSite\",\"@id\":\"https:\\\/\\\/diamond-open-access.de\\\/#website\",\"url\":\"https:\\\/\\\/diamond-open-access.de\\\/\",\"name\":\"SeDOA\",\"description\":\"Servicestelle Diamond Open Access\",\"publisher\":{\"@id\":\"https:\\\/\\\/diamond-open-access.de\\\/#organization\"},\"potentialAction\":[{\"@type\":\"SearchAction\",\"target\":{\"@type\":\"EntryPoint\",\"urlTemplate\":\"https:\\\/\\\/diamond-open-access.de\\\/?s={search_term_string}\"},\"query-input\":{\"@type\":\"PropertyValueSpecification\",\"valueRequired\":true,\"valueName\":\"search_term_string\"}}],\"inLanguage\":\"en-US\"},{\"@type\":\"Organization\",\"@id\":\"https:\\\/\\\/diamond-open-access.de\\\/#organization\",\"name\":\"SeDOA\",\"url\":\"https:\\\/\\\/diamond-open-access.de\\\/\",\"logo\":{\"@type\":\"ImageObject\",\"inLanguage\":\"en-US\",\"@id\":\"https:\\\/\\\/diamond-open-access.de\\\/#\\\/schema\\\/logo\\\/image\\\/\",\"url\":\"https:\\\/\\\/diamond-open-access.de\\\/wp-content\\\/uploads\\\/2025\\\/11\\\/sedoa-logo-blau.svg\",\"contentUrl\":\"https:\\\/\\\/diamond-open-access.de\\\/wp-content\\\/uploads\\\/2025\\\/11\\\/sedoa-logo-blau.svg\",\"caption\":\"SeDOA\"},\"image\":{\"@id\":\"https:\\\/\\\/diamond-open-access.de\\\/#\\\/schema\\\/logo\\\/image\\\/\"}}]}<\/script>\n<!-- \/ Yoast SEO plugin. -->","yoast_head_json":{"title":"OJS-Netzwerk","robots":{"index":"index","follow":"follow","max-snippet":"max-snippet:-1","max-image-preview":"max-image-preview:large","max-video-preview":"max-video-preview:-1"},"canonical":"https:\/\/diamond-open-access.de\/en\/services\/community-support\/ojs-netzwerk\/","og_locale":"en_US","og_type":"article","og_title":"[:de]OJS-Netzwerk[:] - SeDOA","og_description":"Mit dem OJS-Netzwerk bringt SeDOA die Community um die vom Public Knowledge Project (PKP) entwickelte freie und Open-Source-Publikationssoftware Open Journal Systems (OJS) zusammen. Das OJS-Netzwerk schafft neue Austauschm\u00f6glichkeiten, vernetzt vorhandene Aktivit\u00e4ten und erh\u00f6ht deren Sichtbarkeit. Ziel ist es, Synergien zu schaffen und die Nutzung von OJS gemeinschaftlich voranzubringen. Das OJS-Netzwerk unterst\u00fctzt bestehende institutionelle, nicht-kommerzielle Dienste [&hellip;]","og_url":"https:\/\/diamond-open-access.de\/en\/services\/community-support\/ojs-netzwerk\/","og_site_name":"SeDOA","article_modified_time":"2026-04-30T11:06:01+00:00","twitter_card":"summary_large_image","twitter_misc":{"Est. reading time":"2 minutes"},"schema":{"@context":"https:\/\/schema.org","@graph":[{"@type":"WebPage","@id":"https:\/\/diamond-open-access.de\/services\/community-support\/ojs-netzwerk\/","url":"https:\/\/diamond-open-access.de\/services\/community-support\/ojs-netzwerk\/","name":"OJS-Netzwerk","isPartOf":{"@id":"https:\/\/diamond-open-access.de\/#website"},"datePublished":"2026-03-04T15:17:45+00:00","dateModified":"2026-04-30T11:06:01+00:00","breadcrumb":{"@id":"https:\/\/diamond-open-access.de\/services\/community-support\/ojs-netzwerk\/#breadcrumb"},"inLanguage":"en-US","potentialAction":[{"@type":"ReadAction","target":["https:\/\/diamond-open-access.de\/services\/community-support\/ojs-netzwerk\/"]}]},{"@type":"BreadcrumbList","@id":"https:\/\/diamond-open-access.de\/services\/community-support\/ojs-netzwerk\/#breadcrumb","itemListElement":[{"@type":"ListItem","position":1,"name":"Start","item":"https:\/\/diamond-open-access.de\/"},{"@type":"ListItem","position":2,"name":"Services","item":"https:\/\/diamond-open-access.de\/services\/"},{"@type":"ListItem","position":3,"name":"Community Support","item":"https:\/\/diamond-open-access.de\/services\/community-support\/"},{"@type":"ListItem","position":4,"name":"OJS-Netzwerk"}]},{"@type":"WebSite","@id":"https:\/\/diamond-open-access.de\/#website","url":"https:\/\/diamond-open-access.de\/","name":"SeDOA","description":"Servicestelle Diamond Open Access","publisher":{"@id":"https:\/\/diamond-open-access.de\/#organization"},"potentialAction":[{"@type":"SearchAction","target":{"@type":"EntryPoint","urlTemplate":"https:\/\/diamond-open-access.de\/?s={search_term_string}"},"query-input":{"@type":"PropertyValueSpecification","valueRequired":true,"valueName":"search_term_string"}}],"inLanguage":"en-US"},{"@type":"Organization","@id":"https:\/\/diamond-open-access.de\/#organization","name":"SeDOA","url":"https:\/\/diamond-open-access.de\/","logo":{"@type":"ImageObject","inLanguage":"en-US","@id":"https:\/\/diamond-open-access.de\/#\/schema\/logo\/image\/","url":"https:\/\/diamond-open-access.de\/wp-content\/uploads\/2025\/11\/sedoa-logo-blau.svg","contentUrl":"https:\/\/diamond-open-access.de\/wp-content\/uploads\/2025\/11\/sedoa-logo-blau.svg","caption":"SeDOA"},"image":{"@id":"https:\/\/diamond-open-access.de\/#\/schema\/logo\/image\/"}}]}},"_links":{"self":[{"href":"https:\/\/diamond-open-access.de\/en\/wp-json\/wp\/v2\/pages\/1285","targetHints":{"allow":["GET"]}}],"collection":[{"href":"https:\/\/diamond-open-access.de\/en\/wp-json\/wp\/v2\/pages"}],"about":[{"href":"https:\/\/diamond-open-access.de\/en\/wp-json\/wp\/v2\/types\/page"}],"author":[{"embeddable":true,"href":"https:\/\/diamond-open-access.de\/en\/wp-json\/wp\/v2\/users\/3"}],"replies":[{"embeddable":true,"href":"https:\/\/diamond-open-access.de\/en\/wp-json\/wp\/v2\/comments?post=1285"}],"version-history":[{"count":8,"href":"https:\/\/diamond-open-access.de\/en\/wp-json\/wp\/v2\/pages\/1285\/revisions"}],"predecessor-version":[{"id":1550,"href":"https:\/\/diamond-open-access.de\/en\/wp-json\/wp\/v2\/pages\/1285\/revisions\/1550"}],"up":[{"embeddable":true,"href":"https:\/\/diamond-open-access.de\/en\/wp-json\/wp\/v2\/pages\/192"}],"wp:attachment":[{"href":"https:\/\/diamond-open-access.de\/en\/wp-json\/wp\/v2\/media?parent=1285"}],"curies":[{"name":"wp","href":"https:\/\/api.w.org\/{rel}","templated":true}]}}