{"id":1110,"date":"2026-02-26T10:10:58","date_gmt":"2026-02-26T10:10:58","guid":{"rendered":"https:\/\/sedoa.bnu-test.de\/?page_id=1110"},"modified":"2026-02-27T09:33:45","modified_gmt":"2026-02-27T09:33:45","slug":"barrierefreiheitserklaerung","status":"publish","type":"page","link":"https:\/\/diamond-open-access.de\/en\/barrierefreiheitserklaerung\/","title":{"rendered":"Barrierefreiheitserkl\u00e4rung"},"content":{"rendered":"\n<h1 class=\"wp-block-heading\"><\/h1>\n\n\n\n<p>Wir (Technische Universit\u00e4t \/ Darmstadt Universit\u00e4ts- und Landesbibliothek Darmstadt) als Websitebetreiber sind bem\u00fcht, die Website in Einklang mit den einschl\u00e4gigen Vorschriften zur Barrierefreiheit zu gestalten. F\u00fcr uns gelten folgende Rechtsvorschriften:<\/p>\n\n\n\n<p>Hessisches Gesetz zur Gleichstellung von Menschen mit Behinderungen (Hessisches Behinderten-Gleichstellungsgesetz &#8211; HessBGG) und Hessische Verordnung \u00fcber barrierefreie Informationstechnik (BITV HE 2019)<\/p>\n\n\n\n<h2 class=\"wp-block-heading\">Website<\/h2>\n\n\n\n<p>Diese Erkl\u00e4rung zur Barrierefreiheit gilt f\u00fcr die Website <a href=\"https:\/\/diamond-open-access.de\/\">https:\/\/diamond-open-access.de\/<\/a>.<\/p>\n\n\n\n<h3 class=\"wp-block-heading\">Ver\u00f6ffentlichungsdatum der Website<\/h3>\n\n\n\n<p>Diese Website wurde am 27.02.2026 ver\u00f6ffentlicht.<\/p>\n\n\n\n<h3 class=\"wp-block-heading\">Letzte Aktualisierung der Website<\/h3>\n\n\n\n<p>Diese Website wurde zuletzt am 27.02.2026 in wesentlichen Punkten inhaltlich \u00fcberarbeitet.<\/p>\n\n\n\n<h2 class=\"wp-block-heading\">Feedback und Kontaktangaben<\/h2>\n\n\n\n<p>Sind Ihnen M\u00e4ngel beim barrierefreien Zugang zu Inhalten auf unserer Website aufgefallen oder haben Sie Anmerkungen sowie Fragen zum barrierefreien Zugang? Melden Sie sich gerne bei uns unter:<\/p>\n\n\n\n<p>Technische Universit\u00e4t Darmstadt<br>Universit\u00e4ts- und Landesbibliothek Darmstadt<br>Magdalenenstra\u00dfe 8 (S1|20)<br>64289 Darmstadt<\/p>\n\n\n\n<p><a href=\"https:\/\/www.ulb.tu-darmstadt.de\/impressum.de.jsp\">https:\/\/www.ulb.tu-darmstadt.de\/impressum.de.jsp<\/a><\/p>\n\n\n\n<h2 class=\"wp-block-heading\">Stand der Vereinbarkeit mit den Anforderungen<\/h2>\n\n\n\n<p>Diese Website ist vollst\u00e4ndig mit den f\u00fcr uns geltenden Vorschriften zur Barrierefreiheit vereinbar.<\/p>\n\n\n\n<h3 class=\"wp-block-heading\">Evaluationsmethode<\/h3>\n\n\n\n<p>Benutztes Testwerkzeug :<br><br>https:\/\/accessibilitycheck.friendlycaptcha.com\/de<\/p>\n\n\n\n<h2 class=\"wp-block-heading\">Durchsetzungsverfahren<\/h2>\n\n\n\n<p>Sollten Sie der Ansicht sein, dass Sie durch eine nicht ausreichende barrierefreie Gestaltung unserer Website benachteiligt sind, k\u00f6nnen Sie sich an die zust\u00e4ndige Durchsetzungsstelle wenden. Diese erreichen Sie unter:<\/p>\n\n\n\n<p>Landesbeauftragte f\u00fcr barrierefreie IT<br>Neue B\u00e4ue 2<br>35390 Gie\u00dfen<\/p>\n\n\n\n<p>Telefon: 0641 303-2901<br>E-Mail: <a href=\"mailto:ueberwachung-lbit@rpgi.hessen.de\">ueberwachung-lbit@rpgi.hessen.de<\/a><\/p>\n\n\n\n<h2 class=\"wp-block-heading\">Erstellung dieser Erkl\u00e4rung zur Barrierefreiheit<\/h2>\n\n\n\n<p>Diese Erkl\u00e4rung wurde am 26.02.2026 erstellt.<\/p>\n\n\n\n<p>Die Erkl\u00e4rung wurde zuletzt am 26.02.2026 \u00fcberpr\u00fcft.<\/p>\n\n\n\n<p>Quelle: <a href=\"https:\/\/www.e-recht24.de\">https:\/\/www.e-recht24.de<\/a><\/p>\n","protected":false},"excerpt":{"rendered":"<p>Wir (Technische Universit\u00e4t \/ Darmstadt Universit\u00e4ts- und Landesbibliothek Darmstadt) als Websitebetreiber sind bem\u00fcht, die Website in Einklang mit den einschl\u00e4gigen Vorschriften zur Barrierefreiheit zu gestalten. F\u00fcr uns gelten folgende Rechtsvorschriften: Hessisches Gesetz zur Gleichstellung von Menschen mit Behinderungen (Hessisches Behinderten-Gleichstellungsgesetz &#8211; HessBGG) und Hessische Verordnung \u00fcber barrierefreie Informationstechnik (BITV HE 2019) Website Diese Erkl\u00e4rung zur [&hellip;]<\/p>\n","protected":false},"author":4,"featured_media":0,"parent":0,"menu_order":1,"comment_status":"closed","ping_status":"closed","template":"","meta":{"_piecal_is_event":false,"_piecal_start_date":"","_piecal_end_date":"","_piecal_is_allday":false,"_site_spacing_linked":true,"_site_spacing_outer_left_px":0,"_site_spacing_outer_right_px":0,"_site_spacing_outer_left_xs_px":32,"_site_spacing_outer_right_xs_px":32,"_site_spacing_outer_left_sm_px":0,"_site_spacing_outer_right_sm_px":0,"_site_spacing_outer_left_md_px":0,"_site_spacing_outer_right_md_px":0,"_site_spacing_outer_left_lg_px":0,"_site_spacing_outer_right_lg_px":0,"_site_spacing_outer_left_xl_px":176,"_site_spacing_outer_right_xl_px":176,"_site_spacing_outer_left_xxl_px":0,"_site_spacing_outer_right_xxl_px":0,"_site_spacing_outer_override_sm":false,"_site_spacing_outer_override_md":false,"_site_spacing_outer_override_lg":false,"_site_spacing_outer_override_xl":true,"_site_spacing_outer_override_xxl":false,"footnotes":""},"class_list":["post-1110","page","type-page","status-publish","hentry"],"yoast_head":"<!-- This site is optimized with the Yoast SEO plugin v27.3 - https:\/\/yoast.com\/product\/yoast-seo-wordpress\/ -->\n<title>Barrierefreiheitserkl\u00e4rung<\/title>\n<meta name=\"robots\" content=\"index, follow, max-snippet:-1, max-image-preview:large, max-video-preview:-1\" \/>\n<link rel=\"canonical\" href=\"https:\/\/diamond-open-access.de\/en\/barrierefreiheitserklaerung\/\" \/>\n<meta property=\"og:locale\" content=\"en_US\" \/>\n<meta property=\"og:locale:alternate\" content=\"de_DE\" \/>\n<meta property=\"og:type\" content=\"article\" \/>\n<meta property=\"og:title\" content=\"Barrierefreiheitserkl\u00e4rung\" \/>\n<meta property=\"og:description\" content=\"Wir (Technische Universit\u00e4t \/ Darmstadt Universit\u00e4ts- und Landesbibliothek Darmstadt) als Websitebetreiber sind bem\u00fcht, die Website in Einklang mit den einschl\u00e4gigen Vorschriften zur Barrierefreiheit zu gestalten. F\u00fcr uns gelten folgende Rechtsvorschriften: Hessisches Gesetz zur Gleichstellung von Menschen mit Behinderungen (Hessisches Behinderten-Gleichstellungsgesetz &#8211; HessBGG) und Hessische Verordnung \u00fcber barrierefreie Informationstechnik (BITV HE 2019) Website Diese Erkl\u00e4rung zur [&hellip;]\" \/>\n<meta property=\"og:url\" content=\"https:\/\/diamond-open-access.de\/en\/barrierefreiheitserklaerung\/\" \/>\n<meta property=\"og:site_name\" content=\"SeDOA\" \/>\n<meta property=\"article:modified_time\" content=\"2026-02-27T09:33:45+00:00\" \/>\n<meta name=\"twitter:card\" content=\"summary_large_image\" \/>\n<meta name=\"twitter:label1\" content=\"Est. reading time\" \/>\n\t<meta name=\"twitter:data1\" content=\"1 minute\" \/>\n<script type=\"application\/ld+json\" class=\"yoast-schema-graph\">{\"@context\":\"https:\\\/\\\/schema.org\",\"@graph\":[{\"@type\":\"WebPage\",\"@id\":\"https:\\\/\\\/diamond-open-access.de\\\/barrierefreiheitserklaerung\\\/\",\"url\":\"https:\\\/\\\/diamond-open-access.de\\\/barrierefreiheitserklaerung\\\/\",\"name\":\"Barrierefreiheitserkl\u00e4rung\",\"isPartOf\":{\"@id\":\"https:\\\/\\\/diamond-open-access.de\\\/#website\"},\"datePublished\":\"2026-02-26T10:10:58+00:00\",\"dateModified\":\"2026-02-27T09:33:45+00:00\",\"breadcrumb\":{\"@id\":\"https:\\\/\\\/diamond-open-access.de\\\/barrierefreiheitserklaerung\\\/#breadcrumb\"},\"inLanguage\":\"en-US\",\"potentialAction\":[{\"@type\":\"ReadAction\",\"target\":[\"https:\\\/\\\/diamond-open-access.de\\\/barrierefreiheitserklaerung\\\/\"]}]},{\"@type\":\"BreadcrumbList\",\"@id\":\"https:\\\/\\\/diamond-open-access.de\\\/barrierefreiheitserklaerung\\\/#breadcrumb\",\"itemListElement\":[{\"@type\":\"ListItem\",\"position\":1,\"name\":\"Start\",\"item\":\"https:\\\/\\\/diamond-open-access.de\\\/\"},{\"@type\":\"ListItem\",\"position\":2,\"name\":\"Barrierefreiheitserkl\u00e4rung\"}]},{\"@type\":\"WebSite\",\"@id\":\"https:\\\/\\\/diamond-open-access.de\\\/#website\",\"url\":\"https:\\\/\\\/diamond-open-access.de\\\/\",\"name\":\"SeDOA\",\"description\":\"Servicestelle Diamond Open Access\",\"publisher\":{\"@id\":\"https:\\\/\\\/diamond-open-access.de\\\/#organization\"},\"potentialAction\":[{\"@type\":\"SearchAction\",\"target\":{\"@type\":\"EntryPoint\",\"urlTemplate\":\"https:\\\/\\\/diamond-open-access.de\\\/?s={search_term_string}\"},\"query-input\":{\"@type\":\"PropertyValueSpecification\",\"valueRequired\":true,\"valueName\":\"search_term_string\"}}],\"inLanguage\":\"en-US\"},{\"@type\":\"Organization\",\"@id\":\"https:\\\/\\\/diamond-open-access.de\\\/#organization\",\"name\":\"SeDOA\",\"url\":\"https:\\\/\\\/diamond-open-access.de\\\/\",\"logo\":{\"@type\":\"ImageObject\",\"inLanguage\":\"en-US\",\"@id\":\"https:\\\/\\\/diamond-open-access.de\\\/#\\\/schema\\\/logo\\\/image\\\/\",\"url\":\"https:\\\/\\\/diamond-open-access.de\\\/wp-content\\\/uploads\\\/2025\\\/11\\\/sedoa-logo-blau.svg\",\"contentUrl\":\"https:\\\/\\\/diamond-open-access.de\\\/wp-content\\\/uploads\\\/2025\\\/11\\\/sedoa-logo-blau.svg\",\"caption\":\"SeDOA\"},\"image\":{\"@id\":\"https:\\\/\\\/diamond-open-access.de\\\/#\\\/schema\\\/logo\\\/image\\\/\"}}]}<\/script>\n<!-- \/ Yoast SEO plugin. -->","yoast_head_json":{"title":"Barrierefreiheitserkl\u00e4rung","robots":{"index":"index","follow":"follow","max-snippet":"max-snippet:-1","max-image-preview":"max-image-preview:large","max-video-preview":"max-video-preview:-1"},"canonical":"https:\/\/diamond-open-access.de\/en\/barrierefreiheitserklaerung\/","og_locale":"en_US","og_type":"article","og_title":"[:de]Barrierefreiheitserkl\u00e4rung[:] - SeDOA","og_description":"Wir (Technische Universit\u00e4t \/ Darmstadt Universit\u00e4ts- und Landesbibliothek Darmstadt) als Websitebetreiber sind bem\u00fcht, die Website in Einklang mit den einschl\u00e4gigen Vorschriften zur Barrierefreiheit zu gestalten. F\u00fcr uns gelten folgende Rechtsvorschriften: Hessisches Gesetz zur Gleichstellung von Menschen mit Behinderungen (Hessisches Behinderten-Gleichstellungsgesetz &#8211; HessBGG) und Hessische Verordnung \u00fcber barrierefreie Informationstechnik (BITV HE 2019) Website Diese Erkl\u00e4rung zur [&hellip;]","og_url":"https:\/\/diamond-open-access.de\/en\/barrierefreiheitserklaerung\/","og_site_name":"SeDOA","article_modified_time":"2026-02-27T09:33:45+00:00","twitter_card":"summary_large_image","twitter_misc":{"Est. reading time":"1 minute"},"schema":{"@context":"https:\/\/schema.org","@graph":[{"@type":"WebPage","@id":"https:\/\/diamond-open-access.de\/barrierefreiheitserklaerung\/","url":"https:\/\/diamond-open-access.de\/barrierefreiheitserklaerung\/","name":"Barrierefreiheitserkl\u00e4rung","isPartOf":{"@id":"https:\/\/diamond-open-access.de\/#website"},"datePublished":"2026-02-26T10:10:58+00:00","dateModified":"2026-02-27T09:33:45+00:00","breadcrumb":{"@id":"https:\/\/diamond-open-access.de\/barrierefreiheitserklaerung\/#breadcrumb"},"inLanguage":"en-US","potentialAction":[{"@type":"ReadAction","target":["https:\/\/diamond-open-access.de\/barrierefreiheitserklaerung\/"]}]},{"@type":"BreadcrumbList","@id":"https:\/\/diamond-open-access.de\/barrierefreiheitserklaerung\/#breadcrumb","itemListElement":[{"@type":"ListItem","position":1,"name":"Start","item":"https:\/\/diamond-open-access.de\/"},{"@type":"ListItem","position":2,"name":"Barrierefreiheitserkl\u00e4rung"}]},{"@type":"WebSite","@id":"https:\/\/diamond-open-access.de\/#website","url":"https:\/\/diamond-open-access.de\/","name":"SeDOA","description":"Servicestelle Diamond Open Access","publisher":{"@id":"https:\/\/diamond-open-access.de\/#organization"},"potentialAction":[{"@type":"SearchAction","target":{"@type":"EntryPoint","urlTemplate":"https:\/\/diamond-open-access.de\/?s={search_term_string}"},"query-input":{"@type":"PropertyValueSpecification","valueRequired":true,"valueName":"search_term_string"}}],"inLanguage":"en-US"},{"@type":"Organization","@id":"https:\/\/diamond-open-access.de\/#organization","name":"SeDOA","url":"https:\/\/diamond-open-access.de\/","logo":{"@type":"ImageObject","inLanguage":"en-US","@id":"https:\/\/diamond-open-access.de\/#\/schema\/logo\/image\/","url":"https:\/\/diamond-open-access.de\/wp-content\/uploads\/2025\/11\/sedoa-logo-blau.svg","contentUrl":"https:\/\/diamond-open-access.de\/wp-content\/uploads\/2025\/11\/sedoa-logo-blau.svg","caption":"SeDOA"},"image":{"@id":"https:\/\/diamond-open-access.de\/#\/schema\/logo\/image\/"}}]}},"_links":{"self":[{"href":"https:\/\/diamond-open-access.de\/en\/wp-json\/wp\/v2\/pages\/1110","targetHints":{"allow":["GET"]}}],"collection":[{"href":"https:\/\/diamond-open-access.de\/en\/wp-json\/wp\/v2\/pages"}],"about":[{"href":"https:\/\/diamond-open-access.de\/en\/wp-json\/wp\/v2\/types\/page"}],"author":[{"embeddable":true,"href":"https:\/\/diamond-open-access.de\/en\/wp-json\/wp\/v2\/users\/4"}],"replies":[{"embeddable":true,"href":"https:\/\/diamond-open-access.de\/en\/wp-json\/wp\/v2\/comments?post=1110"}],"version-history":[{"count":3,"href":"https:\/\/diamond-open-access.de\/en\/wp-json\/wp\/v2\/pages\/1110\/revisions"}],"predecessor-version":[{"id":1148,"href":"https:\/\/diamond-open-access.de\/en\/wp-json\/wp\/v2\/pages\/1110\/revisions\/1148"}],"wp:attachment":[{"href":"https:\/\/diamond-open-access.de\/en\/wp-json\/wp\/v2\/media?parent=1110"}],"curies":[{"name":"wp","href":"https:\/\/api.w.org\/{rel}","templated":true}]}}